{"id":158,"date":"2025-11-24T18:20:08","date_gmt":"2025-11-24T18:20:08","guid":{"rendered":"https:\/\/koskenniskankalastajat.fi\/?page_id=158"},"modified":"2025-11-29T12:17:11","modified_gmt":"2025-11-29T12:17:11","slug":"kuvat","status":"publish","type":"page","link":"https:\/\/koskenniskankalastajat.fi\/index.php\/kuvat\/","title":{"rendered":"Kuvat"},"content":{"rendered":"\n<p>T\u00e4nne tulee kuvia<\/p>\n\n\n\n<p>Ehk\u00e4<\/p>\n\n\n\n<p>Joskus<\/p>\n\n\n\n<p>Jos Lassi keksii miten wordpressin saa yhdistetty\u00e4 fiksusti johonkin pilvipalvelimeen<\/p>\n\n\n\n<p>Ootellessa k\u00e4y vaikka vilkasemassa meid\u00e4n some, ne on nuo kaksi ympyr\u00e4\u00e4 tuossa alalaidassa. Sinne tulee lis\u00e4\u00e4 materiaalia aina kun sattuu kuun asento olemaan oikea suhteessa syv\u00e4nmeren kalojen lis\u00e4\u00e4ntymiseen<\/p>\n","protected":false},"excerpt":{"rendered":"<p>T\u00e4nne tulee kuvia Ehk\u00e4 Joskus Jos Lassi keksii miten wordpressin saa yhdistetty\u00e4 fiksusti johonkin pilvipalvelimeen Ootellessa k\u00e4y vaikka vilkasemassa meid\u00e4n some, ne on nuo kaksi ympyr\u00e4\u00e4 tuossa alalaidassa. Sinne tulee lis\u00e4\u00e4 materiaalia aina kun sattuu kuun asento olemaan oikea suhteessa syv\u00e4nmeren kalojen lis\u00e4\u00e4ntymiseen<\/p>\n","protected":false},"author":1,"featured_media":0,"parent":0,"menu_order":0,"comment_status":"closed","ping_status":"closed","template":"","meta":{"footnotes":""},"class_list":["post-158","page","type-page","status-publish","hentry"],"_links":{"self":[{"href":"https:\/\/koskenniskankalastajat.fi\/index.php\/wp-json\/wp\/v2\/pages\/158","targetHints":{"allow":["GET"]}}],"collection":[{"href":"https:\/\/koskenniskankalastajat.fi\/index.php\/wp-json\/wp\/v2\/pages"}],"about":[{"href":"https:\/\/koskenniskankalastajat.fi\/index.php\/wp-json\/wp\/v2\/types\/page"}],"author":[{"embeddable":true,"href":"https:\/\/koskenniskankalastajat.fi\/index.php\/wp-json\/wp\/v2\/users\/1"}],"replies":[{"embeddable":true,"href":"https:\/\/koskenniskankalastajat.fi\/index.php\/wp-json\/wp\/v2\/comments?post=158"}],"version-history":[{"count":3,"href":"https:\/\/koskenniskankalastajat.fi\/index.php\/wp-json\/wp\/v2\/pages\/158\/revisions"}],"predecessor-version":[{"id":317,"href":"https:\/\/koskenniskankalastajat.fi\/index.php\/wp-json\/wp\/v2\/pages\/158\/revisions\/317"}],"wp:attachment":[{"href":"https:\/\/koskenniskankalastajat.fi\/index.php\/wp-json\/wp\/v2\/media?parent=158"}],"curies":[{"name":"wp","href":"https:\/\/api.w.org\/{rel}","templated":true}]}}