{"id":159,"date":"2025-11-24T18:20:08","date_gmt":"2025-11-24T18:20:08","guid":{"rendered":"https:\/\/koskenniskankalastajat.fi\/?page_id=159"},"modified":"2025-11-28T17:06:44","modified_gmt":"2025-11-28T17:06:44","slug":"joukkue","status":"publish","type":"page","link":"https:\/\/koskenniskankalastajat.fi\/index.php\/joukkue\/","title":{"rendered":"Joukkue"},"content":{"rendered":"\n<h2 class=\"wp-block-heading\">Juha-Matti<\/h2>\n\n\n<div class=\"wp-block-image\">\n<figure class=\"alignright size-large is-resized\"><img fetchpriority=\"high\" decoding=\"async\" width=\"768\" height=\"1024\" src=\"https:\/\/koskenniskankalastajat.fi\/wp-content\/uploads\/2025\/11\/WhatsApp-Kuva-2025-11-28-klo-12.35.33_edb8147e-1-768x1024.jpg\" alt=\"\" class=\"wp-image-285\" style=\"width:304px;height:auto\" srcset=\"https:\/\/koskenniskankalastajat.fi\/wp-content\/uploads\/2025\/11\/WhatsApp-Kuva-2025-11-28-klo-12.35.33_edb8147e-1-768x1024.jpg 768w, https:\/\/koskenniskankalastajat.fi\/wp-content\/uploads\/2025\/11\/WhatsApp-Kuva-2025-11-28-klo-12.35.33_edb8147e-1-225x300.jpg 225w, https:\/\/koskenniskankalastajat.fi\/wp-content\/uploads\/2025\/11\/WhatsApp-Kuva-2025-11-28-klo-12.35.33_edb8147e-1-113x150.jpg 113w, https:\/\/koskenniskankalastajat.fi\/wp-content\/uploads\/2025\/11\/WhatsApp-Kuva-2025-11-28-klo-12.35.33_edb8147e-1-1152x1536.jpg 1152w, https:\/\/koskenniskankalastajat.fi\/wp-content\/uploads\/2025\/11\/WhatsApp-Kuva-2025-11-28-klo-12.35.33_edb8147e-1.jpg 1500w\" sizes=\"(max-width: 767px) 89vw, (max-width: 1000px) 54vw, (max-width: 1071px) 543px, 580px\" \/><\/figure>\n<\/div>\n\n\n<p>Arvostettu kapteenimme, herra \u201cGo Big Or Go Home\u201d \u2013 Juha-Matti.<\/p>\n\n\n\n<p>Jos kalastusretkill\u00e4mme olisi oma tarinakokoelma, Juha-Matin nimi olisi kirjassa ensimm\u00e4isen\u00e4 ja kaikkein n\u00e4kyvimmin. Ei siksi, ett\u00e4 h\u00e4n olisi haalinut veneeseen valtavia trofee-kaloja, vaan siksi, ett\u00e4 h\u00e4nen tapansa jahdata <em>mahdottoman kokoista<\/em> saalista on jo itsess\u00e4\u00e4n kertomisen arvoista.<\/p>\n\n\n\n<p>Juha-Matin juuret ulottuvat Etel\u00e4-Pohjanmaan lakeuksille, miss\u00e4 el\u00e4m\u00e4 on opettanut kaksi asiaa:<br><strong>mit\u00e4\u00e4n ei tehd\u00e4 puolivillaisesti<\/strong>, ja <strong>jos p\u00e4\u00e4tt\u00e4\u00e4 jotain, sit\u00e4 p\u00e4\u00e4t\u00f6st\u00e4 ei en\u00e4\u00e4 peruta<\/strong>. T\u00e4m\u00e4 yhdistelm\u00e4 tekee h\u00e4nest\u00e4 kalastajan, jonka optimismi l\u00e4hentelee usein idiotismia.<\/p>\n\n\n\n<p>Kun muut ottavat j\u00e4rvelle mukaan normaalikokoisen vavan, Juha-Matti nostaa veneeseen v\u00e4lineen, joka n\u00e4ytt\u00e4\u00e4 silt\u00e4 kuin se olisi suunniteltu nostamaan jokeen eksynyt pienikokoinen laiva. Vieheet ovat yht\u00e4 suuria kuin h\u00e4nen tavoitteensa, ja kun me muut puhumme \u201ckivasta kalasaaliista\u201d, Juha-Matti katsoo j\u00e4rven yli kuin mies, joka valmistautuu kohtaamaan jotakin, mik\u00e4 on t\u00e4h\u00e4n asti onnistunut piiloutumaan koko ihmiskunnalta.<\/p>\n\n\n\n<p>Silti isot kalat \u2014 ainakin ne todelliset j\u00e4ttil\u00e4iset \u2014 ovat toistaiseksi pysytelleet syvyyksiss\u00e4. Jokainen lupaava t\u00e4rppi on paljastunut joko:<\/p>\n\n\n\n<ul class=\"wp-block-list\">\n<li>j\u00e4rven \u00e4rsyyntynein hauki (keskikokoinen),<\/li>\n\n\n\n<li>v\u00e4\u00e4r\u00e4\u00e4n aikaan v\u00e4\u00e4r\u00e4\u00e4n paikkaan uinut kiiski,<\/li>\n\n\n\n<li>hillitt\u00f6m\u00e4n kokoinen uppotukki (kuvassa)<\/li>\n\n\n\n<li>tai pohjasta mukaan tarttunut arvokas muinaisesine, kuten vanha kenk\u00e4.<\/li>\n<\/ul>\n\n\n\n<p>On kuitenkin yksi asia, jossa Juha-Matin taidot eiv\u00e4t aivan yll\u00e4 samaan mittakaavaan kuin h\u00e4nen intohimonsa: <strong>vavan ja kelan hallinta<\/strong>. H\u00e4nen legendaarinen hyrr\u00e4kelansa, tuo voimakas \u201cToro-Beast\u201d, tuntuu el\u00e4v\u00e4n omaa el\u00e4m\u00e4\u00e4ns\u00e4 aina silloin kun Juha-Matti yritt\u00e4\u00e4 tehd\u00e4 erityisen n\u00e4ytt\u00e4v\u00e4n tai voimakkaan heiton ja joskus ihan vain normaalillakin heitolla. Seurauksena on usein siimasotku, joka n\u00e4ytt\u00e4\u00e4 silt\u00e4 kuin joku olisi yritt\u00e4nyt ottaa puolitoista kilometri\u00e4 siimaa ja kutoa siit\u00e4 linnunpes\u00e4\u00e4 naapurin joutsenille.<\/p>\n\n\n\n<p>Ja silloin se tapahtuu, joka ikinen kerta.<br>Hetki, jota kaikki veneess\u00e4 odottavat:<br>Juha-Matti nousee t\u00e4yteen, varsin lyhyeen, mittaansa, katsoo kelaansa kuin se olisi pett\u00e4nyt h\u00e4net henkil\u00f6kohtaisesti \u2014 ja huutaa niin kovaa, ett\u00e4 \u00e4\u00e4ni kantaa seuraavalle paikkakunnalle asti:<\/p>\n\n\n\n<p><strong>\u201cEL\u2013TOROOOO!\u201d<\/strong><\/p>\n\n\n\n<p>Mutta saalis ei ole pelkk\u00e4\u00e4 kalaa.<br>Saalista ovat tarinat, naurut ja juuri ne hetket, joita ilman retki ei olisi retki. N\u00e4it\u00e4 Juha-Matti tuo mukanaan enemm\u00e4n kuin kukaan muu \u2014 usein tahtomattaankin.<\/p>\n\n\n\n<p>Etel\u00e4pohjalainen periksiantamattomuus pit\u00e4\u00e4 h\u00e4net veneess\u00e4 silloinkin, kun muut puhuvat jo iltakahvista.<\/p>\n\n\n\n<p>Siksi h\u00e4n on kapteenimme.<br>Siksi h\u00e4n on \u201cGo Big Or Go Home\u201d.<br>Ja siksi me muut seuraamme h\u00e4nt\u00e4 vuoroin ihaillen, vuoroin p\u00e4\u00e4t\u00e4 pudistellen \u2013 mutta aina hymyss\u00e4 suin.<\/p>\n\n\n\n<h2 class=\"wp-block-heading\">Lassi<\/h2>\n\n\n<div class=\"wp-block-image\">\n<figure class=\"alignleft size-full is-resized\"><img decoding=\"async\" width=\"1440\" height=\"2560\" src=\"https:\/\/koskenniskankalastajat.fi\/wp-content\/uploads\/2025\/11\/WhatsApp-Kuva-2025-05-24-klo-15.44.31_538c691e-3-scaled.jpg\" alt=\"\" class=\"wp-image-281\" style=\"width:280px;height:auto\" srcset=\"https:\/\/koskenniskankalastajat.fi\/wp-content\/uploads\/2025\/11\/WhatsApp-Kuva-2025-05-24-klo-15.44.31_538c691e-3-scaled.jpg 1440w, https:\/\/koskenniskankalastajat.fi\/wp-content\/uploads\/2025\/11\/WhatsApp-Kuva-2025-05-24-klo-15.44.31_538c691e-3-169x300.jpg 169w\" sizes=\"(max-width: 767px) 89vw, (max-width: 1000px) 54vw, (max-width: 1071px) 543px, 580px\" \/><\/figure>\n<\/div>\n\n\n<p>Jokaisella joukkueella on se yksi tyyppi, josta kerrotaan legendoja.<\/p>\n\n\n\n<p>Meill\u00e4 se on Lassi.<\/p>\n\n\n\n<p>Savolainen supersankari, joka ilmestyy paikalle aina juuri silloin kun h\u00e4nt\u00e4 ei odota \u2013 ja katoaa mets\u00e4\u00e4n heti kun joku yritt\u00e4\u00e4 kysy\u00e4, miss\u00e4 h\u00e4n on ollut. Lassi on loistavaa seuraa, kunnes universumin kosmiset voimat menev\u00e4t vinoon ja h\u00e4nt\u00e4 alkaa vituttaa. Silloin h\u00e4n siirtyy v\u00e4litt\u00f6m\u00e4sti savon murteeseen, eik\u00e4 kukaan muu veneess\u00e4 en\u00e4\u00e4 ymm\u00e4rr\u00e4, onko h\u00e4n antamassa ohjeita, kiroamassa vai kertomassa vanhaa tarinaa is\u00e4nn\u00e4n koirasta.<\/p>\n\n\n\n<p>Per\u00e4miehen\u00e4 Lassi on t\u00e4ysin omassa sarjassaan. Ammattikuljettajan rauhallisella tarkkuudella h\u00e4n ohjastaa venett\u00e4 ja traileria tavalla, joka saa kokeneemmankin veneilij\u00e4n hiljenem\u00e4\u00e4n. Jos kukaan ei erikseen mainitse, ettei venett\u00e4 tarvitse peruuttaa puuhun, Lassi tekee senkin \u2013 harkitusti, sulavasti ja ilmeenk\u00e4\u00e4n v\u00e4r\u00e4ht\u00e4m\u00e4tt\u00e4, aivan kuin se olisi ollut suunnitelmassa alusta asti.<\/p>\n\n\n\n<p>Lassi on er\u00e4henkinen voimael\u00e4in, joka viett\u00e4\u00e4 luonnossa enemm\u00e4n aikaa kuin muu joukkue yhteens\u00e4. Kun me muut viel\u00e4 mietimme, onko nyt hyv\u00e4 hetki l\u00e4hte\u00e4 kalalle, Lassi on jo salmessa, savottaa muistuttava takki p\u00e4\u00e4ll\u00e4 ja kolme erilaista viehelaatikkoa vy\u00f6ll\u00e4.<\/p>\n\n\n\n<p>Koska Lassilla on taipumus h\u00e4vit\u00e4 mets\u00e4\u00e4n, on h\u00e4nen tavoittamisensa v\u00e4lill\u00e4 hieman haastavaa:<\/p>\n\n\n\n<p>Kerran kun Juha-Matti yritti l\u00e4hett\u00e4\u00e4 Lassille viestin kirjekyyhkyn kautta&#8230;<\/p>\n\n\n\n<p>Lassi ampui sen.<\/p>\n\n\n\n<p>Ja s\u00f6i sen.<\/p>\n\n\n\n<p>(Kuulemma hyv\u00e4\u00e4 savustettuna.)<\/p>\n\n\n\n<p>Kalapakissa Lassi kantaa aina mukanaan \u201cjokeria\u201d. Viehett\u00e4, jota kukaan muu ei ymm\u00e4rr\u00e4, n\u00e4e, tunnista tai hyv\u00e4ksyisi edes huumorilla. Mutta Lassi kaivaa sen esiin, py\u00f6r\u00e4ytt\u00e4\u00e4 kerran vett\u00e4 ja nostaa kalan (pienikin kala on kuitenkin kala), joka saa muun joukkueen tuijottamaan ep\u00e4uskoisesti taivasta \u2013 tai Lassin vieherasiaa, joka on kuin jostain rinnakkaistodellisuudesta.<\/p>\n\n\n\n<p>Lassi on siis joukkueemme per\u00e4mies, er\u00e4velho ja savolainen supersankari, joka hoitaa homman kyll\u00e4 \u2013 joskus harkiten, joskus sattumalta ja joskus savoksi muristen.<\/p>\n\n\n\n<h2 class=\"wp-block-heading\">Patrik<\/h2>\n\n\n<div class=\"wp-block-image\">\n<figure class=\"alignright size-large is-resized\"><img decoding=\"async\" width=\"1024\" height=\"768\" src=\"https:\/\/koskenniskankalastajat.fi\/wp-content\/uploads\/2025\/11\/WhatsApp-Kuva-2025-11-28-klo-12.48.23_ab6cf7ad-1024x768.jpg\" alt=\"\" class=\"wp-image-286\" style=\"width:355px;height:auto\" srcset=\"https:\/\/koskenniskankalastajat.fi\/wp-content\/uploads\/2025\/11\/WhatsApp-Kuva-2025-11-28-klo-12.48.23_ab6cf7ad-1024x768.jpg 1024w, https:\/\/koskenniskankalastajat.fi\/wp-content\/uploads\/2025\/11\/WhatsApp-Kuva-2025-11-28-klo-12.48.23_ab6cf7ad-300x225.jpg 300w, https:\/\/koskenniskankalastajat.fi\/wp-content\/uploads\/2025\/11\/WhatsApp-Kuva-2025-11-28-klo-12.48.23_ab6cf7ad-150x113.jpg 150w, https:\/\/koskenniskankalastajat.fi\/wp-content\/uploads\/2025\/11\/WhatsApp-Kuva-2025-11-28-klo-12.48.23_ab6cf7ad-768x576.jpg 768w, https:\/\/koskenniskankalastajat.fi\/wp-content\/uploads\/2025\/11\/WhatsApp-Kuva-2025-11-28-klo-12.48.23_ab6cf7ad-1536x1152.jpg 1536w, https:\/\/koskenniskankalastajat.fi\/wp-content\/uploads\/2025\/11\/WhatsApp-Kuva-2025-11-28-klo-12.48.23_ab6cf7ad.jpg 1600w\" sizes=\"(max-width: 767px) 89vw, (max-width: 1000px) 54vw, (max-width: 1071px) 543px, 580px\" \/><\/figure>\n<\/div>\n\n\n<p>Patrik on veneemme keulakoriste<\/p>\n\n\n\n<p>ei sellainen kultainen enkelinpatsas, vaan el\u00e4v\u00e4, karvainen, hengitt\u00e4v\u00e4 ja ajoittain \u00e4\u00e4nekk\u00e4\u00e4sti kommentoiva versio, joka seisoo keulassa kuin olisi syntynyt siihen asentoon. <\/p>\n\n\n\n<p>Patrik on Juha-Matin lapsuudenkaveri Sein\u00e4joen lakeuksilta, h\u00e4n on kasvanut koskien kuohuihin ja p\u00f6pelikk\u00f6jen kutsuun. Patrik on nimitt\u00e4in kalastanut koko lapsuutensa kahdenlaisissa vesiss\u00e4:<\/p>\n\n\n\n<ol start=\"1\" class=\"wp-block-list\">\n<li>koskissa, jotka pauhaavat niin kovaa, ett\u00e4 jo pelkk\u00e4 \u00e4\u00e4ni tekee kalanpyynnist\u00e4 sankariteon, ja<\/li>\n\n\n\n<li>j\u00e4rviss\u00e4, jotka ovat niin umpeen kasvaneita, ett\u00e4 niit\u00e4 voisi luulla naapurin takapihan pajukoksi<\/li>\n<\/ol>\n\n\n\n<p>Patrik kutsuu n\u00e4it\u00e4 ylikasvaneita vesist\u00f6j\u00e4 lempe\u00e4sti p\u00f6pelik\u00f6iksi, ja h\u00e4nen mielest\u00e4\u00e4n paras kalapaikka on sellainen, jossa vieheen heitt\u00e4misess\u00e4 on 70 % mahdollisuus j\u00e4\u00e4d\u00e4 kiinni oksaan ja 30 % mahdollisuus saada kala \u2013 mieluiten molemmat samaan heittoon.<\/p>\n\n\n\n<p>Vaikka Patrik on suomalainen niin kuin saunavihdan tuoksu, h\u00e4nen saksalaiset sukujuurensa n\u00e4kyv\u00e4t aina hetkitt\u00e4in: erityisesti silloin, kun h\u00e4n analysoi vieheiden uintisyvyyksi\u00e4 tarkkuudella, jolla voisi suorittaa katsastuksen ydinsukellusveneelle.<\/p>\n\n\n\n<p>Siihen Patrikin tarkkuus sitten loppuukin. Patrik on kalastuksenkaaos, mies, joka laittaa vieherasiansa ojennukseen vasta sitten, kun ne ovat kaatuneet kolme kertaa ja viisitoista uistinta on jo tarttunut housunlahkeeseen. (tai auton penkkiin)<\/p>\n\n\n\n<p>Veneess\u00e4 Patrik on oikea romukeisari, jonka kalastusvarusteet n\u00e4ytt\u00e4v\u00e4t silt\u00e4 kuin joku olisi ker\u00e4nnyt kaikki Suomen kirpputorit ja ravistanut ne, ei yhteen, vaan kahteen Ikea-kassiin. Vieheit\u00e4 on enemm\u00e4n, kuin koko muulla joukkueella yhteens\u00e4. Oikeastaan niin paljon, ett\u00e4 yhdelle veneelle ei riit\u00e4 tila \u2013 tarvitaan toinen, ihan vain h\u00e4nen aarrekammiokseen.<\/p>\n\n\n\n<p>Kun kalastus alkaa, alkaa my\u00f6s Patrikin tanssi vieheiden kanssa: viehe vaihtuu minuutin v\u00e4lein, ja jokaisen vaihdon j\u00e4lkeen h\u00e4n huikkaa itsevarmasti:<\/p>\n\n\n\n<p>\u201c<strong>T\u00e4m\u00e4 on v\u00e4rirulettia, pojat!<\/strong>\u201d<\/p>\n\n\n\n<p>Sivusta katsottuna se muistuttaa enemm\u00e4n silt\u00e4 kuin joku olisi antanut taaperolle luvan tyhjent\u00e4\u00e4 askartelulaatikon j\u00e4rveen. mutta jotenkin Patrik saa kaaoksen toimimaan. Kun h\u00e4n lopulta l\u00f6yt\u00e4\u00e4 sen oikean vieheen \u2013 vaikka se olisi l\u00f6ytynyt vahingossa takataskusta tai veneen lattialta kahvin tahrasta \u2013 tapahtuu usein jotain maagista.<\/p>\n\n\n\n<p>Patrik ei ole vain keulakoriste.<br>H\u00e4n on liikkuva legenda, kalamiehen luova hulluus ja osa joukkuetta, jota ilman reissuilta puuttuisi puolet tarinoista.<\/p>\n\n\n\n<h2 class=\"wp-block-heading\">Henrik<\/h2>\n\n\n<div class=\"wp-block-image\">\n<figure class=\"alignleft size-large is-resized\"><img loading=\"lazy\" decoding=\"async\" width=\"1024\" height=\"768\" src=\"https:\/\/koskenniskankalastajat.fi\/wp-content\/uploads\/2025\/11\/IMG-20251109-WA0009-1-1024x768.jpg\" alt=\"\" class=\"wp-image-282\" style=\"width:316px;height:auto\" srcset=\"https:\/\/koskenniskankalastajat.fi\/wp-content\/uploads\/2025\/11\/IMG-20251109-WA0009-1-1024x768.jpg 1024w, https:\/\/koskenniskankalastajat.fi\/wp-content\/uploads\/2025\/11\/IMG-20251109-WA0009-1-300x225.jpg 300w, https:\/\/koskenniskankalastajat.fi\/wp-content\/uploads\/2025\/11\/IMG-20251109-WA0009-1-150x113.jpg 150w, https:\/\/koskenniskankalastajat.fi\/wp-content\/uploads\/2025\/11\/IMG-20251109-WA0009-1-768x576.jpg 768w, https:\/\/koskenniskankalastajat.fi\/wp-content\/uploads\/2025\/11\/IMG-20251109-WA0009-1-1536x1152.jpg 1536w, https:\/\/koskenniskankalastajat.fi\/wp-content\/uploads\/2025\/11\/IMG-20251109-WA0009-1.jpg 2000w\" sizes=\"(max-width: 767px) 89vw, (max-width: 1000px) 54vw, (max-width: 1071px) 543px, 580px\" \/><\/figure>\n<\/div>\n\n\n<div class=\"wp-block-group\"><div class=\"wp-block-group__inner-container is-layout-constrained wp-block-group-is-layout-constrained\">\n<p>Henrik on joukkueessamme enemm\u00e4n legenda kuin ihminen. Monet ovat kuulleet h\u00e4nest\u00e4, harvat ovat n\u00e4hneet, ja ne jotka v\u00e4itt\u00e4v\u00e4t n\u00e4hneens\u00e4, tekev\u00e4t sen aina hiljaisella \u00e4\u00e4nell\u00e4, kuin pelk\u00e4isiv\u00e4t h\u00e4lvent\u00e4v\u00e4ns\u00e4 jotain pyh\u00e4\u00e4. H\u00e4n asuu ulkomailla, ja siksi h\u00e4nen ilmestymisens\u00e4 on yht\u00e4 harvinaista kuin revontulet etel\u00e4ss\u00e4 \u2013 mutta sit\u00e4kin vaikuttavampaa.<\/p>\n\n\n\n<p>Tarina kertoo, ett\u00e4 h\u00e4n on Patrikin veli. Ja kun katsoo heid\u00e4n rakkauttaan p\u00f6pelikk\u00f6isiin, ylikasvaneisiin j\u00e4rviin ja kuohuviin koskiin, yhteinen verenperim\u00e4 k\u00e4y t\u00e4ysin j\u00e4rkeen. Heiss\u00e4 on sama villi palo l\u00f6yt\u00e4\u00e4 kala sielt\u00e4, mist\u00e4 kukaan muu ei edes yrit\u00e4 \u2013 sellaisista paikoista, joissa viehe j\u00e4\u00e4 90 % ajasta kiinni risuihin ja lopun 10 % johonkin, joka yll\u00e4tt\u00e4en osoittautuu kalaksi.<\/p>\n\n\n\n<p>Henrik on se, jolle soitamme aina kun kalat eiv\u00e4t sy\u00f6. H\u00e4n vastaa yleens\u00e4 ulkomaisesta  numerosta, taustalla lokin kiljuntaa, sateen ropinaa ikkunalautaan ja naapuruston terrierin haukkumista. H\u00e4nen neuvonsa kuulostavat l\u00e4hes mystisilt\u00e4 loitsuilta, ja mik\u00e4 kummallisinta: ne toimivat.<\/p>\n\n\n\n<p>Aina. (tai ainakin yleens\u00e4)<\/p>\n\n\n\n<p>Ja joskus \u2013 vain joskus \u2013 Finnairin lippujen sattuessa olemaan alennuksessa, h\u00e4n saattaa ilmesty\u00e4 paikalle kuin luonnonvoima. Ei viesti\u00e4, ei varoitusta. Yht\u00e4kki\u00e4 h\u00e4n seisoo rannassa, kahluuhousut jalassa, kuin olisi ollut siell\u00e4 koko ajan ja odottanut meit\u00e4.<\/p>\n\n\n\n<p>Henrik suhtautuu kalastukseen tutkijan vakavuudella: analysoi, arvioi, mittaa ja pohtii. H\u00e4n puhuu virtauksista, termokliineist\u00e4 ja kalojen k\u00e4ytt\u00e4ytymismalleista kuin v\u00e4ittelisi akateemisessa seminaarissa.<\/p>\n\n\n\n<p>Kunnes h\u00e4n onnistuu kalastamaan s\u00e4rjell\u00e4 simpukan.<\/p>\n\n\n\n<p>Silloin tutkija katoaa, ja tilalle ilmestyy mies, joka itsekin ihmettelee, miten universumi p\u00e4\u00e4tti juuri sill\u00e4 hetkell\u00e4 pilailla h\u00e4nen kustannuksellaan.<\/p>\n\n\n\n<p>Mutta juuri siksi Henrik on Henrik \u2013 mystinen, taitava, absurdi ja t\u00e4ysin ainutlaatuinen.<\/p>\n\n\n\n<p>Valmentaja, lumimies ja joukkueen oma taruhahmo, joka ilmestyy aina silloin kun sit\u00e4 v\u00e4hiten odottaa ja eniten tarvitsee.<\/p>\n\n\n\n<div class=\"wp-block-group\"><div class=\"wp-block-group__inner-container is-layout-constrained wp-block-group-is-layout-constrained\">\n<div class=\"wp-block-columns is-layout-flex wp-container-core-columns-is-layout-9d6595d7 wp-block-columns-is-layout-flex\">\n<div class=\"wp-block-column is-layout-flow wp-block-column-is-layout-flow\" style=\"flex-basis:100%\"><\/div>\n<\/div>\n<\/div><\/div>\n<\/div><\/div>\n","protected":false},"excerpt":{"rendered":"<p>Juha-Matti Arvostettu kapteenimme, herra \u201cGo Big Or Go Home\u201d \u2013 Juha-Matti. Jos kalastusretkill\u00e4mme olisi oma tarinakokoelma, Juha-Matin nimi olisi kirjassa ensimm\u00e4isen\u00e4 ja kaikkein n\u00e4kyvimmin. Ei siksi, ett\u00e4 h\u00e4n olisi haalinut veneeseen valtavia trofee-kaloja, vaan siksi, ett\u00e4 h\u00e4nen tapansa jahdata mahdottoman kokoista saalista on jo itsess\u00e4\u00e4n kertomisen arvoista. Juha-Matin juuret ulottuvat Etel\u00e4-Pohjanmaan lakeuksille, miss\u00e4 el\u00e4m\u00e4 on &hellip; <\/p>\n<p class=\"link-more\"><a href=\"https:\/\/koskenniskankalastajat.fi\/index.php\/joukkue\/\" class=\"more-link\">Jatka lukemista<span class=\"screen-reader-text\"> &#8221;Joukkue&#8221;<\/span><\/a><\/p>\n","protected":false},"author":1,"featured_media":0,"parent":0,"menu_order":0,"comment_status":"closed","ping_status":"closed","template":"","meta":{"footnotes":""},"class_list":["post-159","page","type-page","status-publish","hentry"],"_links":{"self":[{"href":"https:\/\/koskenniskankalastajat.fi\/index.php\/wp-json\/wp\/v2\/pages\/159","targetHints":{"allow":["GET"]}}],"collection":[{"href":"https:\/\/koskenniskankalastajat.fi\/index.php\/wp-json\/wp\/v2\/pages"}],"about":[{"href":"https:\/\/koskenniskankalastajat.fi\/index.php\/wp-json\/wp\/v2\/types\/page"}],"author":[{"embeddable":true,"href":"https:\/\/koskenniskankalastajat.fi\/index.php\/wp-json\/wp\/v2\/users\/1"}],"replies":[{"embeddable":true,"href":"https:\/\/koskenniskankalastajat.fi\/index.php\/wp-json\/wp\/v2\/comments?post=159"}],"version-history":[{"count":13,"href":"https:\/\/koskenniskankalastajat.fi\/index.php\/wp-json\/wp\/v2\/pages\/159\/revisions"}],"predecessor-version":[{"id":325,"href":"https:\/\/koskenniskankalastajat.fi\/index.php\/wp-json\/wp\/v2\/pages\/159\/revisions\/325"}],"wp:attachment":[{"href":"https:\/\/koskenniskankalastajat.fi\/index.php\/wp-json\/wp\/v2\/media?parent=159"}],"curies":[{"name":"wp","href":"https:\/\/api.w.org\/{rel}","templated":true}]}}